{"id":4880,"date":"2025-07-15T13:56:10","date_gmt":"2025-07-15T13:56:10","guid":{"rendered":"https:\/\/detaupeur.com\/?page_id=4880"},"modified":"2025-07-15T13:56:12","modified_gmt":"2025-07-15T13:56:12","slug":"wat-zijn-de-verschillende-soorten-mollen","status":"publish","type":"page","link":"https:\/\/detaupeur.com\/nl\/de-mol\/wat-zijn-de-verschillende-soorten-mollen\/","title":{"rendered":"Wat zijn de verschillende soorten mollen?"},"content":{"rendered":"\n<p>Het is belangrijk om te weten hoe je de verschillende soorten mollen kunt herkennen, zodat je hun aanwezigheid zo effectief mogelijk kunt beheersen. Deze kleine dieren met puntige snuiten worden vaak gezien als ongedierte in tuinen en landbouwgrond, maar ze spelen een belangrijke rol bij het beluchten van de grond en het eten van insecten. Klik hier voor meer informatie over de verschillende soorten mollen en ontdek D\u00e9taupeur, een expert in het maken van mollenvallen.<\/p>\n\n\n\n<h2 class=\"wp-block-heading\">Wat is een mol?<\/h2>\n\n\n\n<h3 class=\"wp-block-heading\">Mol of molrat, hoe kun je ze uit elkaar houden?<\/h3>\n\n\n\n<p>Mollen zijn kleine, insectenetende, gravende zoogdieren die behoren tot de Talpidae familie. Ze hebben een cilindrisch lichaam, krachtige voorpoten waarmee ze gemakkelijk kunnen graven, een fluweelachtige huid, kleine of niet-functionele ogen en een spitse snuit. Mollen leven voornamelijk onder de grond en graven gangen op zoek naar voedsel zoals regenwormen en larven. In tuinieren en landbouw kunnen ze schade aanrichten door de bodem en planten te destabiliseren, hoewel ze ook bijdragen aan de gezondheid van de bodem door deze te beluchten met hun gangen.<\/p>\n\n\n\n<h2 class=\"wp-block-heading\">De verschillende soorten mollen<\/h2>\n\n\n\n<p>Je kunt de verschillende soorten mollen herkennen aan hun fysieke kenmerken, maar ook aan de diepte van hun tunnels. Bovendien komen niet overal ter wereld dezelfde mollensoorten voor.<\/p>\n\n\n\n<figure class=\"wp-block-table\"><table class=\"has-fixed-layout\"><thead><tr><td><strong>Soorten<\/strong><\/td><td><strong>Geografische verspreiding Habitat<\/strong><\/td><td><strong>Habitat<\/strong><\/td><td><strong>Onderscheidende kenmerken<\/strong><\/td><td><strong>Lengte<\/strong><\/td><td><strong>Gewicht<\/strong><\/td><\/tr><\/thead><tbody><tr><td>Europese mol (Talpa europaea)<\/td><td>Europa<\/td><td>Bossen, weiden, tuinen<\/td><td>Spitse snuit, kleine verborgen ogen, cilindervormig lichaam<\/td><td>11-16 cm<\/td><td>60-130 g<\/td><\/tr><tr><td>Taupe \u00e0 nez \u00e9toil\u00e9 (Condylura cristata)<\/td><td>Am\u00e9rique du Nord (\u00c9tats-Unis, Canada)<\/td><td>Zones humides, marais, for\u00eats<\/td><td>Nez \u00e9toil\u00e9, 22 appendices tentaculaires autour du nez, tr\u00e8s bonne nageuse<\/td><td>15-20 cm<\/td><td>35-75 g<\/td><\/tr><tr><td>Taupe am\u00e9ricaine (Scalopus aquaticus)<\/td><td>Am\u00e9rique du Nord (\u00c9tats-Unis)<\/td><td>Prairies, for\u00eats, zones suburbaines<\/td><td>Grandes pattes avant, museau long, bon nageur<\/td><td>13-19 cm<\/td><td>40-80 g<\/td><\/tr><tr><td>Taupe de Townsend (Scapanus townsendii)<\/td><td>Ouest des \u00c9tats-Unis<\/td><td>Prairies, for\u00eats, zones agricoles<\/td><td>Taille plus grande que les autres taupes nord-am\u00e9ricaines, pattes avant puissantes<\/td><td>18-23 cm<\/td><td>50-170 g<\/td><\/tr><tr><td>Taupe d\u2019Asie (Talpa altaica)<\/td><td>Asie (Russie, Mongolie)<\/td><td>Montagnes, for\u00eats<\/td><td>Museau pointu, oreilles et yeux cach\u00e9s sous la fourrure, pattes puissantes<\/td><td>12-15 cm<\/td><td>50-80 g<\/td><\/tr><tr><td>Taupe dor\u00e9e (Chrysochloris asiatica)<\/td><td>Afrique (Afrique du Sud, Zimbabwe, Mozambique)<\/td><td>Prairies, for\u00eats, savanes<\/td><td>Fourrure dor\u00e9e ou m\u00e9tallique, absence de queue, pattes avant adapt\u00e9es au fouissage<\/td><td>9-12 cm<\/td><td>20-40 g<\/td><\/tr><\/tbody><\/table><\/figure>\n","protected":false},"excerpt":{"rendered":"<p>Het is belangrijk om te weten hoe je de verschillende soorten mollen kunt herkennen, zodat je hun aanwezigheid zo effectief mogelijk kunt beheersen. Deze kleine dieren met puntige snuiten worden vaak gezien als ongedierte in tuinen en landbouwgrond, maar ze spelen een belangrijke rol bij het beluchten van de grond en het eten van insecten. [&hellip;]<\/p>\n","protected":false},"author":5,"featured_media":5773,"parent":1295,"menu_order":0,"comment_status":"closed","ping_status":"closed","template":"","meta":{"_acf_changed":false,"footnotes":""},"class_list":["post-4880","page","type-page","status-publish","has-post-thumbnail","hentry"],"acf":[],"_links":{"self":[{"href":"https:\/\/detaupeur.com\/nl\/wp-json\/wp\/v2\/pages\/4880","targetHints":{"allow":["GET"]}}],"collection":[{"href":"https:\/\/detaupeur.com\/nl\/wp-json\/wp\/v2\/pages"}],"about":[{"href":"https:\/\/detaupeur.com\/nl\/wp-json\/wp\/v2\/types\/page"}],"author":[{"embeddable":true,"href":"https:\/\/detaupeur.com\/nl\/wp-json\/wp\/v2\/users\/5"}],"replies":[{"embeddable":true,"href":"https:\/\/detaupeur.com\/nl\/wp-json\/wp\/v2\/comments?post=4880"}],"version-history":[{"count":2,"href":"https:\/\/detaupeur.com\/nl\/wp-json\/wp\/v2\/pages\/4880\/revisions"}],"predecessor-version":[{"id":5777,"href":"https:\/\/detaupeur.com\/nl\/wp-json\/wp\/v2\/pages\/4880\/revisions\/5777"}],"up":[{"embeddable":true,"href":"https:\/\/detaupeur.com\/nl\/wp-json\/wp\/v2\/pages\/1295"}],"wp:featuredmedia":[{"embeddable":true,"href":"https:\/\/detaupeur.com\/nl\/wp-json\/wp\/v2\/media\/5773"}],"wp:attachment":[{"href":"https:\/\/detaupeur.com\/nl\/wp-json\/wp\/v2\/media?parent=4880"}],"curies":[{"name":"wp","href":"https:\/\/api.w.org\/{rel}","templated":true}]}}