{"id":1306,"date":"2018-09-27T07:57:23","date_gmt":"2018-09-27T07:57:23","guid":{"rendered":"http:\/\/detaupeur.com\/politique-de-confidentialite\/"},"modified":"2025-06-18T14:34:52","modified_gmt":"2025-06-18T14:34:52","slug":"privacybeleid","status":"publish","type":"page","link":"https:\/\/detaupeur.com\/nl\/privacybeleid\/","title":{"rendered":"Privacybeleid"},"content":{"rendered":"<p>L\u2019adresse de notre site Web est\u00a0: http:\/\/detaupeur.com<\/p>\n<h3>POLITIQUE DE PROTECTION DES DONNEES PERSONNELLES<\/h3>\n<p><em><strong>Far Ouest collecte vos donn\u00e9es personnelles \u00e0 des fins pr\u00e9d\u00e9termin\u00e9es et l\u00e9gitimes\u00a0<\/strong><\/em><\/p>\n<p>Far Ouest, responsable des traitements de donn\u00e9es personnelles op\u00e9r\u00e9 sur le site, recueille des informations vous concernant lors de la cr\u00e9ation de votre Compte Client ou lors de vos achats. Le caract\u00e8re obligatoire ou facultatif des donn\u00e9es est pr\u00e9cis\u00e9 sur les formulaires de collecte d\u2019information.<\/p>\n<p>Les donn\u00e9es personnelles collect\u00e9es nous permettent d\u2019effectuer les op\u00e9rations relatives \u00e0 :<\/p>\n<ul>\n<li>la gestion des clients ;<\/li>\n<li>la gestion d\u2019op\u00e9rations promotionnelles ;<\/li>\n<li>la gestion des avis.<\/li>\n<\/ul>\n<p>La base l\u00e9gale de ces traitements de donn\u00e9es est l\u2019ex\u00e9cution des contrats auxquels vous \u00eates partie ou \u00e0 l\u2019ex\u00e9cution des mesures pr\u00e9-contractuelles prises \u00e0 votre demande.<\/p>\n<p>Ces donn\u00e9es peuvent \u00eatre utilis\u00e9es pour l\u2019envoi d\u2019informations et offres promotionnelles de la part de Far Ouest, dont vous pouvez vous d\u00e9sinscrire \u00e0 tout moment.<\/p>\n<p><em><strong>Far Ouest s\u2019engage \u00e0 conserver vos donn\u00e9es de mani\u00e8re s\u00e9curis\u00e9e <\/strong><\/em><\/p>\n<p>Nous nous sommes engag\u00e9s \u00e0 assurer la s\u00e9curit\u00e9 de vos donn\u00e9es personnelles via des proc\u00e9dures strictes au sein de notre entreprise.<\/p>\n<p>Pour les donn\u00e9es collect\u00e9es \u00ab\u00a0en ligne\u00a0\u00bb, les communications sur la partie cliente sont chiffr\u00e9es entre le poste de l\u2019internaute et nos serveurs (zone s\u00e9curis\u00e9e HTTPS). Far Ouest s\u2019oblige \u00e0 mettre tous ses efforts en \u0153uvre afin de prot\u00e9ger vos donn\u00e9es personnelles. Au sein de Far Ouest, seules auront acc\u00e8s \u00e0 vos informations les personnes qui, du fait de leurs fonctions, ont un int\u00e9r\u00eat l\u00e9gitime \u00e0 y acc\u00e9der. Dans le cadre d\u2019op\u00e9rations techniques, vos donn\u00e9es pourront \u00e9galement \u00eatre h\u00e9berg\u00e9es par nos sous-traitants. Ces derniers sont rigoureusement s\u00e9lectionn\u00e9s et agissent conform\u00e9ment \u00e0 nos instructions. Vos donn\u00e9es sont h\u00e9berg\u00e9es en Europe. Aucun transfert de donn\u00e9es hors de l\u2019Union Europ\u00e9enne n\u2019est effectu\u00e9, garantissant ainsi une s\u00e9curit\u00e9 juridique optimale des donn\u00e9es personnelles vous concernant.<\/p>\n<p><em><strong>\u00a0<\/strong><\/em><\/p>\n<p><em><strong>Far Ouest ne partage pas vos donn\u00e9es personnelles avec d\u2019autres entit\u00e9s <\/strong><\/em><\/p>\n<p><em><strong>Far Ouest conserve vos donn\u00e9es personnelles pour une dur\u00e9e limit\u00e9e et pr\u00e9d\u00e9finie\u00a0<\/strong><\/em><\/p>\n<ul>\n<li>Comptes et commandes\u00a0:<\/li>\n<\/ul>\n<p>En tant que client, vos donn\u00e9es seront conserv\u00e9es le temps n\u00e9cessaire \u00e0 la gestion commerciale. Les cartes bancaires ne sont pas enregistr\u00e9es.<\/p>\n<ul>\n<li>Cookies\u00a0:<\/li>\n<\/ul>\n<p>Les cookies ont une dur\u00e9e de vie limit\u00e9e \u00e0 treize mois apr\u00e8s leur premier d\u00e9p\u00f4t dans l\u2019\u00e9quipement terminal de l\u2019utilisateur (faisant suite \u00e0 l\u2019expression du consentement), comme recommand\u00e9 par la CNIL. Vous pouvez \u00e0 tout moment changer vos pr\u00e9f\u00e9rences via le gestionnaire de cookies dont le lien est pr\u00e9sent en bas de page de nos sites. Pour en savoir plus sur les cookies et la mani\u00e8re dont nous nous engageons \u00e0 les utiliser, veuillez-vous rendre sur\u00a0 en bas \u00a0de cette page pour la politique de cookies<\/p>\n<p><em><strong>Vous disposez de droits sur vos donn\u00e9es personnelles, voici comment les utiliser:\u00a0<\/strong><\/em><\/p>\n<p>Conform\u00e9ment aux dispositions de la Loi Informatique et Libert\u00e9s du 6 janvier 1978 modifi\u00e9e et \u00e0 celles du R\u00e8glement G\u00e9n\u00e9ral sur la Protection des Donn\u00e9es, vous b\u00e9n\u00e9ficiez d\u2019un droit d\u2019acc\u00e8s, de rectification, de portabilit\u00e9 et d\u2019effacement de vos donn\u00e9es personnelles. Vous pouvez \u00e9galement demander la limitation du traitement de donn\u00e9es vous concernant. Vous pouvez exercer vos droits en nous contactant :<\/p>\n<ul>\n<li>par mail \u00e0 l\u2019adresse d\u00e9di\u00e9e paul.fossey@farouest.com<\/li>\n<li>par courrier \u00e0 Far Ouest, 4 Rue Charles Bourseul, 22300 Lannion<\/li>\n<\/ul>\n<p>Votre demande devra pr\u00e9ciser vos nom(s), pr\u00e9nom(s) et comporter une copie de votre pi\u00e8ce d\u2019identit\u00e9.<\/p>\n<p>Vous disposez \u00e9galement du droit de d\u00e9finir les directives relatives au sort de vos donn\u00e9es \u00e0 caract\u00e8re personnel apr\u00e8s votre mort.<\/p>\n<p>Vous pouvez \u00e9galement, pour des motifs l\u00e9gitimes, vous opposer au traitement des donn\u00e9es vous concernant et disposer du droit de retirer votre consentement \u00e0 tout moment lorsque les traitements de donn\u00e9es personnelles mis en \u0153uvre se fondent sur celui-ci. Le consommateur est inform\u00e9 de la possibilit\u00e9 qu\u2019il a de s\u2019inscrire sur la liste d\u2019opposition au d\u00e9marchage t\u00e9l\u00e9phonique Bloctel.<\/p>\n<p>Enfin, vous avez la possibilit\u00e9 d\u2019introduire une r\u00e9clamation aupr\u00e8s des autorit\u00e9s de contr\u00f4le comp\u00e9tentes en mati\u00e8re de protection de donn\u00e9es personnelles.<\/p>\n<p>Date de derni\u00e8re mise \u00e0 jour\u00a0: 27\/02\/2019<\/p>\n<h3>POLITIQUE DE COOKIES<\/h3>\n<h4>UTILISATION DES COOKIES<\/h4>\n<p>Cette rubrique est consacr\u00e9e \u00e0 l\u2019utilisation des cookies par le site de la Soci\u00e9t\u00e9 FAR OUEST. Elle vous permet d\u2019en savoir plus sur l\u2019origine et l\u2019usage des informations de navigation trait\u00e9es \u00e0 l\u2019occasion de votre consultation de nos sites et sur vos droits. Cette page est donc importante pour Vous, qui souhaitez avoir une exp\u00e9rience positive et confiante de nos services et pour Nous, qui souhaitons r\u00e9pondre de mani\u00e8re pr\u00e9cise et compl\u00e8te \u00e0 vos questions sur votre consultation de notre site et tenir compte de vos souhaits.<\/p>\n<p><em><strong>Qu\u2019est-ce qu\u2019un cookie ?<\/strong><\/em><\/p>\n<p>Lors de la consultation de notre site, des informations vous concernant ou relatives \u00e0 la navigation de votre terminal (ordinateur, tablette, smartphone, etc.), sont susceptibles d\u2019\u00eatre lues ou enregistr\u00e9es dans des fichiers \u201ccookies\u201d install\u00e9s sur votre terminal, sous r\u00e9serve des choix que vous auriez exprim\u00e9s concernant les cookies et que vous pouvez modifier \u00e0 tout moment.<\/p>\n<p><em><strong>A quoi servent les cookies \u00e9mis sur nos sites ?<\/strong><\/em><\/p>\n<p>Les cookies peuvent avoir de nombreuses finalit\u00e9s. Quel que soit le type de cookies, seul l\u2019\u00e9metteur d\u2019un cookie est susceptible de lire ou de modifier des informations qui y sont contenues.<\/p>\n<p>Des cookies sont susceptibles d\u2019\u00eatre inclus dans les pages de notre site.<\/p>\n<p><em><strong>Combien de temps sont conserv\u00e9s les cookies\u00a0?<\/strong><\/em><\/p>\n<p>Les cookies ont une dur\u00e9e de vie limit\u00e9e \u00e0 treize mois apr\u00e8s leur premier d\u00e9p\u00f4t dans l\u2019\u00e9quipement terminal de l\u2019utilisateur\u00a0(faisant suite \u00e0 l\u2019expression du consentement), comme recommand\u00e9 par la CNIL. Au-del\u00e0 de ces 13 mois, un nouveau consentement de d\u00e9p\u00f4t de cookies sera demand\u00e9.<\/p>\n<p><em><strong>Les diff\u00e9rents types de cookies \u00e9mis sur notre site<\/strong><\/em><\/p>\n<p><em>Les cookies que Nous \u00e9mettons \u00e0 des fins indispensables :<\/em><\/p>\n<p>Ces cookies sont essentiels au fonctionnement du site. Sans eux, il ne serait pas possible d\u2019acc\u00e9der \u00e0 nos contenus ou services, par exemple, il serait impossible de mettre des articles dans le panier.<\/p>\n<p>Ils permettent :<\/p>\n<ul>\n<li><strong>UserPrefs<\/strong><br \/>\nD\u2019adapter la pr\u00e9sentation de nos sites aux pr\u00e9f\u00e9rences d\u2019affichage de votre terminal (langue utilis\u00e9e, r\u00e9solution d\u2019affichage, syst\u00e8me d\u2019exploitation utilis\u00e9, etc) lors de vos visites sur nos sites, selon les mat\u00e9riels et les logiciels de visualisation ou de lecture que votre terminal comporte ;<\/li>\n<li><strong>Session<\/strong><br \/>\nDe se souvenir de vous, pages apr\u00e8s pages<\/li>\n<li><strong>Customer<\/strong><br \/>\nDe vous permettre d\u2019acc\u00e9der \u00e0 des espaces r\u00e9serv\u00e9s et personnels de nos sites, tels que votre compte, gr\u00e2ce \u00e0 des identifiants ou des donn\u00e9es que vous nous avez \u00e9ventuellement ant\u00e9rieurement confi\u00e9s.<\/li>\n<li><strong>CacherTempBasket<\/strong><br \/>\nDe m\u00e9moriser dans le panier d\u2019achat les articles que vous avez s\u00e9lectionn\u00e9s<\/li>\n<li><strong>Cookie_Privacy<\/strong><br \/>\nDe se souvenir de votre choix en mati\u00e8re d\u2019acceptation des cookies<\/li>\n<li><strong>displayCookieConsent\u00a0 Voir si cette partie est en place ou sera mise en place ( recommandation CNIL)<\/strong><br \/>\nDe prendre votre consentement permettant de d\u00e9poser des cookies sur votre terminal<\/li>\n<\/ul>\n<p><em>Les cookies que Nous \u00e9mettons \u00e0 des fins fonctionnelles :<\/em><\/p>\n<p>Ces cookies nous permettent de faciliter votre exp\u00e9rience utilisateur.<\/p>\n<p>Ils permettent :<\/p>\n<ul>\n<li><strong>Catalog<\/strong><br \/>\nDe comparer les caract\u00e9ristiques de plusieurs articles<\/li>\n<li><strong>Franchise<\/strong><br \/>\nDe retenir lors d\u2019une session votre boutique pr\u00e9f\u00e9r\u00e9e<\/li>\n<li><strong>Loglevel<\/strong><br \/>\nD\u2019ajuster la granularit\u00e9 des traces applicatives<\/li>\n<li><strong>LastCommand, Recentref,\u00a0compareProductCategoryId<\/strong><br \/>\nDe vous faire des recommandations de produits<\/li>\n<li><strong>Birthlist<\/strong><br \/>\nCookie sp\u00e9cifique au site \u00ab\u00a0l\u2019Armoire De B\u00e9b\u00e9\u00a0\u00bb, utile pour g\u00e9rer vos listes de naissance<\/li>\n<li><strong>FavoriteList<\/strong><br \/>\nCookie sp\u00e9cifiques aux sites \u00ab\u00a0L\u2019armoire De B\u00e9b\u00e9\u00a0\u00bb et \u00ab\u00a0Maginea\u00a0\u00bb, nous permettant de connaitre les produits qui vous int\u00e9ressent<\/li>\n<li><strong>_crsf_subscribe_newsletter<\/strong><br \/>\nPermet l\u2019inscription \u00e0 la newsletter sur shop.hardware.fr<\/li>\n<li><strong>uslk_e,\u00a0uslk_s<\/strong><br \/>\nPermet de transmettre vos informations \u00e0 notre Relation client lorsque vous utilisez le chat (nom, pr\u00e9nom, adresse e-mail)<\/li>\n<\/ul>\n<p><em>Les cookies de mesure d\u2019audience :\u00a0\u00a0 <\/em><\/p>\n<p>Ces cookies permettent de conna\u00eetre le nombre d\u2019utilisateur et d\u2019identifier comment ils utilisent le site. Les \u00e9l\u00e9ments alors recueillis, Nous permettent d\u2019am\u00e9liorer sans cesse votre exp\u00e9rience utilisateur.<\/p>\n<p>Les donn\u00e9es ainsi s\u00e9lectionn\u00e9es ne permettent pas d\u2019identifier un utilisateur, les informations \u00e9tant anonymes.<\/p>\n<p>Ils permettent\u00a0:<\/p>\n<ul>\n<li><strong>_utma, _utmb, _ utmc, _utmv, _utmz, _ga, _gat,_gid, xtvm<\/strong><br \/>\nD\u2019\u00e9tablir des statistiques et volumes de fr\u00e9quentation et d\u2019utilisation des diverses \u00e9l\u00e9ments composant nos sites (rubriques et contenus visit\u00e9s, parcours), Nous permettant d\u2019am\u00e9liorer l\u2019int\u00e9r\u00eat et l\u2019ergonomie de nos services.<\/li>\n<li><strong>_idrxvr<\/strong><br \/>\nDe suivre les pages visit\u00e9es<\/li>\n<li><strong>lastUri<\/strong><br \/>\nPermet de connaitre votre page d\u2019arriv\u00e9e sur le shite shop.hardware.fr<\/li>\n<li><strong>_hjIncludedInSample<\/strong><br \/>\nCe cookie de session est cr\u00e9\u00e9 pour que Hotjar puisse d\u00e9terminer si le visiteur fait partie de l\u2019\u00e9chantillon utilis\u00e9 pour g\u00e9n\u00e9rer des entonnoirs.<\/li>\n<li><strong>\u2022 Atuvc, atuvs, PAPVisitorId<\/strong><br \/>\nDe savoir si vous avez connu notre site via un de nos sites affili\u00e9s<\/li>\n<li><strong>annonceur<\/strong><br \/>\nDe savoir si vous avez connu notre site via un annonceur<\/li>\n<\/ul>\n<p><em>Les cookies \u201cFlash\u00a9\u201d de \u201cAdobe Flash Player\u201d\u2122\u00a0\u00a0 <\/em><\/p>\n<p>\u201cAdobe Flash Player\u201d\u2122 est une application informatique qui permet le d\u00e9veloppement rapide des contenus dynamiques utilisant le langage informatique \u201cFlash\u201d. Flash (et les applications de m\u00eame type) m\u00e9morise les param\u00e8tres, les pr\u00e9f\u00e9rences et l\u2019utilisation de ces contenus gr\u00e2ce \u00e0 une technologie similaire aux cookies.<\/p>\n<p>Toutefois, \u201cAdobe Flash Player\u201d\u2122 g\u00e8re ces informations et vos choix via une interface diff\u00e9rente de celle fournie par votre logiciel de navigation.<\/p>\n<p>Dans la mesure o\u00f9 votre terminal serait susceptible de visualiser des contenus d\u00e9velopp\u00e9s avec le langage Flash, nous vous invitons \u00e0 acc\u00e9der \u00e0 vos outils de gestion des cookies Flash, directement depuis le site\u00a0<a href=\"https:\/\/www.adobe.com\/fr\/\">https:\/\/www.adobe.com\/fr\/<\/a>\u00a0ou sur\u00a0<a href=\"https:\/\/www.youronlinechoices.com\/fr\/controler-ses-cookies\/\">https:\/\/www.youronlinechoices.com\/fr\/controler-ses-cookies\/<\/a>.<br \/>\n<em>Vos choix concernant les cookies : accepter ou refuser, c\u2019est vous qui choisissez<\/em><\/p>\n<p>Plusieurs possibilit\u00e9s vous sont offertes pour g\u00e9rer les cookies. Tout param\u00e9trage que vous pouvez entreprendre sera susceptible de modifier votre navigation sur Internet et vos conditions d\u2019acc\u00e8s \u00e0 certains de nos services n\u00e9cessitant l\u2019utilisation de cookies.<\/p>\n<p><em>L\u2019accord sur les cookies<\/em><br \/>\nL\u2019enregistrement d\u2019un cookie dans un terminal est subordonn\u00e9 \u00e0 la volont\u00e9 de l\u2019utilisateur du terminal, que celui-ci peut exprimer et modifier \u00e0 tout moment et gratuitement notamment \u00e0 travers les choix qui lui sont offerts par son logiciel de navigation.<\/p>\n<p>Si vous avez accept\u00e9 dans votre logiciel de navigation l\u2019enregistrement de cookies dans votre terminal, les cookies int\u00e9gr\u00e9s dans les pages et contenus que vous avez consult\u00e9s pourront \u00eatre stock\u00e9s temporairement dans un espace d\u00e9di\u00e9 de votre terminal. Ils y seront lisibles uniquement par leur \u00e9metteur.<\/p>\n<p><em>Le refus des cookies<\/em><br \/>\nSi vous refusez l\u2019enregistrement de cookies dans votre terminal, ou si vous supprimez ceux qui y sont enregistr\u00e9s, vous ne pourrez plus b\u00e9n\u00e9ficier d\u2019un certain nombre de fonctionnalit\u00e9s qui sont n\u00e9anmoins n\u00e9cessaires pour naviguer dans certains espaces de nos sites. Tel serait le cas si vous tentiez d\u2019acc\u00e9der \u00e0 nos contenus ou services qui n\u00e9cessitent de vous identifier comme effectuer un achat. Tel serait \u00e9galement le cas lorsque nous ne pourrions pas reconna\u00eetre, \u00e0 des fins de compatibilit\u00e9 technique, le type de navigateur utilis\u00e9 par votre terminal, ses param\u00e8tres de langue et d\u2019affichage ou le pays depuis lequel votre terminal semble connect\u00e9 \u00e0 Internet.<\/p>\n<p>Le cas \u00e9ch\u00e9ant, nous d\u00e9clinons toute responsabilit\u00e9 pour les cons\u00e9quences li\u00e9es au fonctionnement d\u00e9grad\u00e9 de nos services r\u00e9sultant de l\u2019impossibilit\u00e9 pour Nous d\u2019enregistrer ou de consulter les cookies n\u00e9cessaires \u00e0 leur fonctionnement et que vous auriez refus\u00e9s ou supprim\u00e9s.<\/p>\n<p>Afin de b\u00e9n\u00e9ficier de la meilleure exp\u00e9rience utilisateur possible nous vous conseillons de param\u00e9trer votre navigateur en tenant compte de la finalit\u00e9 de chaque cookie.<\/p>\n<p><em>Comment exprimer votre choix ?<\/em><\/p>\n<p>Vous pouvez faire le choix \u00e0 tout moment d\u2019exprimer et de modifier vos souhaits en mati\u00e8re de cookies, par les moyens d\u00e9crits ci-dessous.<\/p>\n<p><em>Vos choix exprim\u00e9s en fonction du navigateur que vous utilisez<\/em><br \/>\nVous pouvez configurer votre logiciel de navigation de mani\u00e8re \u00e0 ce que des cookies soient enregistr\u00e9s dans votre terminal ou, au contraire, qu\u2019ils soient rejet\u00e9s, soit syst\u00e9matiquement, soit selon leur \u00e9metteur. Vous pouvez \u00e9galement configurer votre navigateur de mani\u00e8re \u00e0 ce que l\u2019acceptation ou le refus des cookies vous soient propos\u00e9s pr\u00e9alablement, avant qu\u2019un cookie soit susceptible d\u2019\u00eatre enregistr\u00e9 dans votre terminal.<\/p>\n<p>Pour la gestion des cookies et de vos choix, la configuration de chaque navigateur est diff\u00e9rente. Elle est d\u00e9crite dans le menu d\u2019aide de votre navigateur, qui vous permettra de savoir de quelle mani\u00e8re modifier vos souhaits en mati\u00e8re de cookies.<\/p>\n<p>Pour Internet Explorer\u2122 :<br \/>\n<a href=\"http:\/\/windows.microsoft.com\/fr-FR\/windows-vista\/Block-or-allow-cookies\">http:\/\/windows.microsoft.com\/fr-FR\/windows-vista\/Block-or-allow-cookies<\/a>,<\/p>\n<p>Pour Safari\u2122 :<br \/>\nhttps:\/\/support.apple.com\/fr-fr\/105082<\/p>\n<p>Pour Chrome\u2122 :<br \/>\n<a href=\"http:\/\/support.google.com\/chrome\/bin\/answer.py?hl=fr&amp;hlrm=en&amp;answer=95647\">http:\/\/support.google.com\/chrome\/bin\/answer.py?hl=fr&amp;hlrm=en&amp;answer=95647<\/a>,<\/p>\n<p>Pour Firefox\u2122 :<br \/>\n<a href=\"http:\/\/support.mozilla.org\/fr\/kb\/Activer%20et%20d%C3%A9sactiver%20les%20cookies\">http:\/\/support.mozilla.org\/fr\/kb\/Activer%20et%20d%C3%A9sactiver%20les%20cookies<\/a>,<\/p>\n<p>Pour Opera\u2122 :<br \/>\n<a href=\"http:\/\/help.opera.com\/Windows\/10.20\/fr\/cookies.html\">http:\/\/help.opera.com\/Windows\/10.20\/fr\/cookies.html<\/a>,<\/p>\n","protected":false},"excerpt":{"rendered":"<p>L\u2019adresse de notre site Web est\u00a0: http:\/\/detaupeur.com POLITIQUE DE PROTECTION DES DONNEES PERSONNELLES Far Ouest collecte vos donn\u00e9es personnelles \u00e0 des fins pr\u00e9d\u00e9termin\u00e9es et l\u00e9gitimes\u00a0 Far Ouest, responsable des traitements de donn\u00e9es personnelles op\u00e9r\u00e9 sur le site, recueille des informations vous concernant lors de la cr\u00e9ation de votre Compte Client ou lors de vos achats. [&hellip;]<\/p>\n","protected":false},"author":1,"featured_media":0,"parent":0,"menu_order":0,"comment_status":"closed","ping_status":"closed","template":"","meta":{"_acf_changed":false,"footnotes":""},"class_list":["post-1306","page","type-page","status-publish","hentry"],"acf":[],"_links":{"self":[{"href":"https:\/\/detaupeur.com\/nl\/wp-json\/wp\/v2\/pages\/1306","targetHints":{"allow":["GET"]}}],"collection":[{"href":"https:\/\/detaupeur.com\/nl\/wp-json\/wp\/v2\/pages"}],"about":[{"href":"https:\/\/detaupeur.com\/nl\/wp-json\/wp\/v2\/types\/page"}],"author":[{"embeddable":true,"href":"https:\/\/detaupeur.com\/nl\/wp-json\/wp\/v2\/users\/1"}],"replies":[{"embeddable":true,"href":"https:\/\/detaupeur.com\/nl\/wp-json\/wp\/v2\/comments?post=1306"}],"version-history":[{"count":5,"href":"https:\/\/detaupeur.com\/nl\/wp-json\/wp\/v2\/pages\/1306\/revisions"}],"predecessor-version":[{"id":5579,"href":"https:\/\/detaupeur.com\/nl\/wp-json\/wp\/v2\/pages\/1306\/revisions\/5579"}],"wp:attachment":[{"href":"https:\/\/detaupeur.com\/nl\/wp-json\/wp\/v2\/media?parent=1306"}],"curies":[{"name":"wp","href":"https:\/\/api.w.org\/{rel}","templated":true}]}}