{"id":6073,"date":"2025-11-13T13:47:38","date_gmt":"2025-11-13T13:47:38","guid":{"rendered":"https:\/\/detaupeur.com\/?page_id=6073"},"modified":"2025-11-13T13:48:34","modified_gmt":"2025-11-13T13:48:34","slug":"quel-est-le-nom-vulgaire-dun-campagnol","status":"publish","type":"page","link":"https:\/\/detaupeur.com\/fr-be\/le-rat-taupier-ou-campagnol-terrestre\/quel-est-le-nom-vulgaire-dun-campagnol\/","title":{"rendered":"Quel est le nom vulgaire d&#8217;un campagnol"},"content":{"rendered":"<div class=\"wp-block-image\">\n<figure class=\"alignright\"><img loading=\"lazy\" decoding=\"async\" width=\"300\" height=\"300\" src=\"https:\/\/detaupeur.com\/wp-content\/uploads\/2025\/04\/campagnol-300x300.png\" alt=\"Le Campagnol ou mulot des champs \" class=\"wp-image-5400\" srcset=\"https:\/\/detaupeur.com\/wp-content\/uploads\/2025\/04\/campagnol-300x300.png 300w, https:\/\/detaupeur.com\/wp-content\/uploads\/2025\/04\/campagnol-100x100.png 100w, https:\/\/detaupeur.com\/wp-content\/uploads\/2025\/04\/campagnol-150x150.png 150w, https:\/\/detaupeur.com\/wp-content\/uploads\/2025\/04\/campagnol-768x768.png 768w, https:\/\/detaupeur.com\/wp-content\/uploads\/2025\/04\/campagnol.png 1024w\" sizes=\"auto, (max-width: 300px) 100vw, 300px\" \/><\/figure>\n<\/div>\n\n\n<p><\/p>\n\n\n\n<p>Dans le monde du jardinage, on croise r\u00e9guli\u00e8rement des petits rongeurs qui laissent derri\u00e8re eux des galeries, des plantes d\u00e9racin\u00e9es ou des pelouses d\u00e9vast\u00e9es. Parmi eux, un ennemi discret mais redoutable : le <strong data-start=\"446\" data-end=\"459\">campagnol<\/strong>. Ce petit animal, souvent confondu avec d&#8217;autres nuisibles comme la taupe ou le mulot, reste m\u00e9connu du grand public. Pourtant, ses d\u00e9g\u00e2ts peuvent \u00eatre importants, surtout dans les potagers ou les vergers.<\/p>\n\n\n\n<p>Mais alors, <strong data-start=\"679\" data-end=\"720\">quel est le nom vulgaire du campagnol<\/strong> ? Derri\u00e8re son nom scientifique plut\u00f4t discret se cache une appellation bien plus courante, utilis\u00e9e dans nos campagnes depuis des g\u00e9n\u00e9rations. Que vous soyez jardinier amateur ou simplement curieux, cet article vous apporte la r\u00e9ponse \u2014 et vous aide \u00e0 mieux comprendre ce petit rongeur bien plus pr\u00e9sent qu&#8217;on ne le pense.<\/p>\n\n\n\n<p>Le <strong data-start=\"1094\" data-end=\"1123\">nom vulgaire du campagnol<\/strong> le plus r\u00e9pandu est <strong data-start=\"1144\" data-end=\"1162\">le rat taupier<\/strong>. Cette appellation vient de son comportement souterrain et de son apparence, qui rappellent fortement ceux d\u2019une taupe\u2026 bien qu\u2019il s\u2019agisse d\u2019un rongeur et non d\u2019un insectivore. En creusant des galeries proches de la surface, il peut causer autant \u2013 voire plus \u2013 de dommages qu\u2019une taupe dans un jardin ou un champ.<\/p>\n\n\n\n<p>Mais \u201crat taupier\u201d n\u2019est pas le seul nom qu\u2019on lui donne. On entend aussi parfois parler de <strong data-start=\"1572\" data-end=\"1590\">rat des champs<\/strong>, de <strong data-start=\"1595\" data-end=\"1615\">mulot des champs<\/strong> (m\u00eame si ce n\u2019est pas tout \u00e0 fait exact) ou encore de <strong data-start=\"1670\" data-end=\"1691\">souris des champs<\/strong>, des termes vagues souvent utilis\u00e9s pour d\u00e9signer de petits rongeurs en ext\u00e9rieur. Ces appellations refl\u00e8tent bien la confusion g\u00e9n\u00e9rale autour des diff\u00e9rentes esp\u00e8ces de rongeurs, qui se ressemblent souvent physiquement mais ont des comportements tr\u00e8s diff\u00e9rents.<\/p>\n\n\n\n<p>Le terme <strong data-start=\"1967\" data-end=\"1982\">rat taupier<\/strong> est particuli\u00e8rement trompeur, car il ne s\u2019agit ni d\u2019un rat au sens strict, ni d\u2019une taupe. Il appartient en r\u00e9alit\u00e9 \u00e0 la famille des <strong data-start=\"2117\" data-end=\"2132\">Arvicolidae<\/strong>, qui regroupe plusieurs esp\u00e8ces de campagnols. Le plus courant en France est le <strong data-start=\"2213\" data-end=\"2236\">campagnol terrestre<\/strong> (<em data-start=\"2238\" data-end=\"2259\">Arvicola terrestris<\/em>), connu pour ses terriers complexes et son app\u00e9tit f\u00e9roce pour les racines, les bulbes, et les jeunes arbres.<\/p>\n\n\n\n<p>Ce surnom \u201ctaupier\u201d vient du fait qu\u2019il creuse comme une taupe, mais ses galeries sont plus proches de la surface et souvent visibles par des monticules de terre plus petits et moins nets que ceux d\u2019une taupe. Si vous constatez des dommages dans votre jardin, savoir si vous avez affaire \u00e0 une <strong data-start=\"2665\" data-end=\"2674\">taupe<\/strong> ou un <strong data-start=\"2681\" data-end=\"2694\">campagnol<\/strong> peut faire toute la diff\u00e9rence dans le choix des solutions \u00e0 adopter.<\/p>\n\n\n\n<p>Mais bien entendu, la solution la plus efficace pour se d\u00e9barrasser d&#8217;un campagnol des champs reste le D\u00e9taupeur, <a href=\"https:\/\/detaupeur.com\/fr-be\/\">le pi\u00e8ge anti rat taupier num\u00e9ro 1 en France<\/a>.<\/p>\n\n\n\n<p><\/p>\n","protected":false},"excerpt":{"rendered":"<p>Dans le monde du jardinage, on croise r\u00e9guli\u00e8rement des petits rongeurs qui laissent derri\u00e8re eux des galeries, des plantes d\u00e9racin\u00e9es ou des pelouses d\u00e9vast\u00e9es. Parmi eux, un ennemi discret mais redoutable : le campagnol. Ce petit animal, souvent confondu avec d&#8217;autres nuisibles comme la taupe ou le mulot, reste m\u00e9connu du grand public. Pourtant, ses [&hellip;]<\/p>\n","protected":false},"author":5,"featured_media":0,"parent":5795,"menu_order":0,"comment_status":"closed","ping_status":"closed","template":"","meta":{"_acf_changed":false,"footnotes":""},"class_list":["post-6073","page","type-page","status-publish","hentry"],"acf":[],"_links":{"self":[{"href":"https:\/\/detaupeur.com\/fr-be\/wp-json\/wp\/v2\/pages\/6073","targetHints":{"allow":["GET"]}}],"collection":[{"href":"https:\/\/detaupeur.com\/fr-be\/wp-json\/wp\/v2\/pages"}],"about":[{"href":"https:\/\/detaupeur.com\/fr-be\/wp-json\/wp\/v2\/types\/page"}],"author":[{"embeddable":true,"href":"https:\/\/detaupeur.com\/fr-be\/wp-json\/wp\/v2\/users\/5"}],"replies":[{"embeddable":true,"href":"https:\/\/detaupeur.com\/fr-be\/wp-json\/wp\/v2\/comments?post=6073"}],"version-history":[{"count":3,"href":"https:\/\/detaupeur.com\/fr-be\/wp-json\/wp\/v2\/pages\/6073\/revisions"}],"predecessor-version":[{"id":6078,"href":"https:\/\/detaupeur.com\/fr-be\/wp-json\/wp\/v2\/pages\/6073\/revisions\/6078"}],"up":[{"embeddable":true,"href":"https:\/\/detaupeur.com\/fr-be\/wp-json\/wp\/v2\/pages\/5795"}],"wp:attachment":[{"href":"https:\/\/detaupeur.com\/fr-be\/wp-json\/wp\/v2\/media?parent=6073"}],"curies":[{"name":"wp","href":"https:\/\/api.w.org\/{rel}","templated":true}]}}