{"id":6067,"date":"2025-11-13T13:24:59","date_gmt":"2025-11-13T13:24:59","guid":{"rendered":"https:\/\/detaupeur.com\/?page_id=6067"},"modified":"2025-11-13T13:25:01","modified_gmt":"2025-11-13T13:25:01","slug":"comment-reconnaitre-une-taupiniere-de-rat-taupier","status":"publish","type":"page","link":"https:\/\/detaupeur.com\/fr-be\/le-rat-taupier-ou-campagnol-terrestre\/comment-reconnaitre-une-taupiniere-de-rat-taupier\/","title":{"rendered":"Comment reconna\u00eetre une taupini\u00e8re de rat taupier ?"},"content":{"rendered":"\n<p>Si vous \u00eates un jardinier passionn\u00e9, vous avez probablement d\u00e9j\u00e0 rencontr\u00e9 des taupini\u00e8res dans votre jardin. Mais \u00e9tait-ce l\u2019\u0153uvre de taupes, ou de rats taupiers ? Bien que les monticules de terre laiss\u00e9s par ces animaux puissent sembler similaires \u00e0 premi\u00e8re vue, il est important de les diff\u00e9rencier afin de prendre les mesures appropri\u00e9es pour prot\u00e9ger votre jardin.<\/p>\n\n\n\n<p><br>Ainsi, si ces deux cr\u00e9atures vivent sous terre, leurs modes de vie et les d\u00e9g\u00e2ts qu\u2019elles causent ne sont pas tout \u00e0 fait identiques.<\/p>\n\n\n\n<p><br><strong>Le D\u00e9taupeur\u00ae<\/strong>&nbsp;partage avec vous ses astuces les plus efficaces pour apprendre \u00e0 distinguer la taupini\u00e8re du rat taupier de celle de la taupe et traiter le probl\u00e8me avec brio.<\/p>\n\n\n\n<h2 class=\"wp-block-heading\">Les taupes<\/h2>\n\n\n\n<p>\u00c0 la vue d\u2019une taupini\u00e8re, c\u2019est \u00e0 elles qu\u2019on aurait tendance \u00e0 penser en premier.\u00a0<a href=\"https:\/\/detaupeur.com\/fr-be\/la-taupe-tout-savoir\/\">Les taupes<\/a>, ces petits mammif\u00e8res d\u2019environ 10 cm, sont des insectivores. Ces cr\u00e9atures passent leurs journ\u00e9es \u00e0 creuser des galeries souterraines pour chasser les vers de terre et les larves. Elles sont solitaires et ne n\u00e9cessitent pas beaucoup d\u2019espace.<\/p>\n\n\n\n<p>D\u2019un point de vue ext\u00e9rieur, les taupini\u00e8res qu\u2019elles cr\u00e9ent sont facilement reconnaissables. Elles peuvent \u00eatre identifi\u00e9es par une forme de d\u00f4me caract\u00e9ristique et sont g\u00e9n\u00e9ralement plus nombreuses en \u00e9t\u00e9 et en automne. Leur entr\u00e9e est verticale et la terre qui les compose, fine.<\/p>\n\n\n\n<p>Il faut savoir que la taupe elle-m\u00eame n\u2019est pas nuisible \u00e0 votre jardin. Ce sont leurs taupini\u00e8res, en revanche, qui posent plusieurs probl\u00e8mes tels que la d\u00e9formation de la pelouse, l\u2019irr\u00e9gularit\u00e9 des sols, les risques d\u2019effondrements et de remont\u00e9es de cailloux.<\/p>\n\n\n\n<h2 class=\"wp-block-heading\">Les rats taupiers<\/h2>\n\n\n\n<p>Le rat taupier, aussi appel\u00e9 \u00ab campagnol terrestre \u00bb, est un rongeur qui se nourrit essentiellement de racines, de fruits et de tubercules. Contrairement \u00e0 la taupe, les rats taupiers raffolent des bulbes de plantes et des l\u00e9gumes et peuvent causer des dommages dans votre potager en creusant des galeries dans le sol pour en trouver. Les campagnols terrestres sont plus actifs la nuit. Ils vivent souvent en groupe et ont besoin de plus d\u2019espace que les taupes, ce qui signifie qu\u2019ils peuvent causer de plus gros d\u00e9g\u00e2ts.<\/p>\n\n\n\n<p>Si l\u2019on s\u2019y penche bien, la taupini\u00e8re du rat taupier ne ressemble pas \u00e0 celle de la taupe. L\u2019entr\u00e9e de la galerie est oblique et non verticale. La motte de terre n\u2019est pas par-dessus l\u2019entr\u00e9e du tunnel, mais sur le c\u00f4t\u00e9 et la terre qui la compose est comme tamis\u00e9e, la taille des grains est inf\u00e9rieure \u00e0 des petits pois.<\/p>\n\n\n\n<h2 class=\"wp-block-heading\">Comment diff\u00e9rencier les taupes des rats taupiers ?<\/h2>\n\n\n\n<p>Comme dit pr\u00e9c\u00e9demment, les taupes et les campagnols ont des modes de vie et des mod\u00e8les de taupini\u00e8res bien diff\u00e9rents. Plusieurs \u00e9l\u00e9ments peuvent vous permettre de les distinguer&nbsp;facilement :<\/p>\n\n\n\n<ul class=\"wp-block-list\">\n<li>Pour rappel, les taupini\u00e8res cr\u00e9\u00e9es par les taupes ont une forme de d\u00f4me caract\u00e9ristique (assez plates sur le dessus), tandis que celles cr\u00e9\u00e9es par les rats taupiers ont une forme plus allong\u00e9e et arrondie.<\/li>\n\n\n\n<li>Si vous avez remarqu\u00e9 que certaines plantes de votre jardin ont des racines m\u00e2ch\u00e9es, des feuilles jaunes ou fan\u00e9es, il est fort probable que vous ayez affaire \u00e0 des rats taupiers plut\u00f4t qu\u2019\u00e0 des taupes.<\/li>\n\n\n\n<li>Avec un peu de chance, vous pourriez peut-\u00eatre apercevoir l\u2019animal responsable des taupini\u00e8res. Si vous voyez une cr\u00e9ature \u00e0 fourrure aspect velours noir avec de grandes pattes roses se d\u00e9placer dans les taupini\u00e8res, il est tr\u00e8s probable que ce soit une taupe. Les rats taupiers, eux, ont le pelage brun et ressemblent davantage \u00e0 un rat. Nocturnes, ils sont de plus difficiles \u00e0 observer en journ\u00e9e.<\/li>\n<\/ul>\n\n\n\n<p>En fin de compte, il est important de savoir si l\u2019animal qui habite votre jardin est une taupe ou un rat taupier afin de prendre les meilleures mesures pour prot\u00e9ger vos plantes. Si vous remarquez des taupini\u00e8res sur votre terrain, prenez le temps de les examiner, ainsi que les d\u00e9g\u00e2ts caus\u00e9s aux plantes pour identifier le coupable.<\/p>\n\n\n\n<p>Que vous ayez affaire \u00e0 un campagnol ou \u00e0 une taupe,\u00a0<a href=\"https:\/\/detaupeur.com\/fr-be\/le-fonctionnement\/\">Le D\u00e9taupeur<strong>\u00ae<\/strong><\/a>\u00a0propose des pi\u00e8ges adapt\u00e9s et efficaces pour lutter contre leurs potentielles nuisances et garantir la protection de vos espaces.<\/p>\n","protected":false},"excerpt":{"rendered":"<p>Si vous \u00eates un jardinier passionn\u00e9, vous avez probablement d\u00e9j\u00e0 rencontr\u00e9 des taupini\u00e8res dans votre jardin. Mais \u00e9tait-ce l\u2019\u0153uvre de taupes, ou de rats taupiers ? Bien que les monticules de terre laiss\u00e9s par ces animaux puissent sembler similaires \u00e0 premi\u00e8re vue, il est important de les diff\u00e9rencier afin de prendre les mesures appropri\u00e9es pour [&hellip;]<\/p>\n","protected":false},"author":5,"featured_media":3870,"parent":5795,"menu_order":0,"comment_status":"closed","ping_status":"closed","template":"","meta":{"_acf_changed":false,"footnotes":""},"class_list":["post-6067","page","type-page","status-publish","has-post-thumbnail","hentry"],"acf":[],"_links":{"self":[{"href":"https:\/\/detaupeur.com\/fr-be\/wp-json\/wp\/v2\/pages\/6067","targetHints":{"allow":["GET"]}}],"collection":[{"href":"https:\/\/detaupeur.com\/fr-be\/wp-json\/wp\/v2\/pages"}],"about":[{"href":"https:\/\/detaupeur.com\/fr-be\/wp-json\/wp\/v2\/types\/page"}],"author":[{"embeddable":true,"href":"https:\/\/detaupeur.com\/fr-be\/wp-json\/wp\/v2\/users\/5"}],"replies":[{"embeddable":true,"href":"https:\/\/detaupeur.com\/fr-be\/wp-json\/wp\/v2\/comments?post=6067"}],"version-history":[{"count":1,"href":"https:\/\/detaupeur.com\/fr-be\/wp-json\/wp\/v2\/pages\/6067\/revisions"}],"predecessor-version":[{"id":6068,"href":"https:\/\/detaupeur.com\/fr-be\/wp-json\/wp\/v2\/pages\/6067\/revisions\/6068"}],"up":[{"embeddable":true,"href":"https:\/\/detaupeur.com\/fr-be\/wp-json\/wp\/v2\/pages\/5795"}],"wp:featuredmedia":[{"embeddable":true,"href":"https:\/\/detaupeur.com\/fr-be\/wp-json\/wp\/v2\/media\/3870"}],"wp:attachment":[{"href":"https:\/\/detaupeur.com\/fr-be\/wp-json\/wp\/v2\/media?parent=6067"}],"curies":[{"name":"wp","href":"https:\/\/api.w.org\/{rel}","templated":true}]}}