{"id":5795,"date":"2025-07-15T14:12:33","date_gmt":"2025-07-15T14:12:33","guid":{"rendered":"https:\/\/detaupeur.com\/?page_id=5795"},"modified":"2025-07-15T14:58:35","modified_gmt":"2025-07-15T14:58:35","slug":"le-rat-taupier-ou-campagnol-terrestre","status":"publish","type":"page","link":"https:\/\/detaupeur.com\/fr-be\/le-rat-taupier-ou-campagnol-terrestre\/","title":{"rendered":"Le rat taupier ou campagnol terrestre"},"content":{"rendered":"\n<div class=\"wp-block-media-text has-media-on-the-right is-stacked-on-mobile is-image-fill-element\" id=\"rat-taupier\"><div class=\"wp-block-media-text__content\">\n<h2 class=\"wp-block-heading has-text-align-right\">Quelle diff\u00e9rence entre une taupe et un rat taupier ?<\/h2>\n\n\n\n<p class=\"has-text-align-right\">Si vous \u00eates en pr\u00e9sence d\u2019un animal, plusieurs signes ne trompent pas : seule la taupe a un poil ras ressemblant \u00e0 du velours, sa queue est courte, pas plus du quart de la longueur du corps et enfin son museau est long, fin et rose. Si l\u2019animal ressemble \u00e0 un rat ou une souris avec des oreilles c\u2019est bien un rat taupier,&nbsp;<a href=\"https:\/\/detaupeur.com\/fr-be\/la-taupe-tout-savoir\/comprendre-le-mode-de-vie-des-taupes-pour-mieux-les-pieger-et-identifier-leurs-signes-de-presence\/\">l\u2019heure \u00e0 laquelle elles sortent<\/a>. Le rat taupier est aussi appel\u00e9 selon les r\u00e9gions \u00abrate\u00bb, \u00abcampagnol terrestre\u00bb ou encore taupe grise.<\/p>\n<\/div><figure class=\"wp-block-media-text__media\"><a href=\"https:\/\/detaupeur.com\/wp-content\/uploads\/2018\/09\/taupe_rat_taupier_02.jpg\"><img loading=\"lazy\" decoding=\"async\" width=\"594\" height=\"364\" src=\"https:\/\/detaupeur.com\/wp-content\/uploads\/2018\/09\/taupe_rat_taupier_02.jpg\" alt=\"Taupe ou rat taupier, comment les diff\u00e9rencier ?\" class=\"wp-image-1425 size-full\" style=\"object-position:50% 50%\" srcset=\"https:\/\/detaupeur.com\/wp-content\/uploads\/2018\/09\/taupe_rat_taupier_02.jpg 594w, https:\/\/detaupeur.com\/wp-content\/uploads\/2018\/09\/taupe_rat_taupier_02-300x184.jpg 300w\" sizes=\"auto, (max-width: 594px) 100vw, 594px\" \/><\/a><\/figure><\/div>\n\n\n\n<div class=\"wp-block-media-text is-stacked-on-mobile\"><figure class=\"wp-block-media-text__media\"><a href=\"https:\/\/detaupeur.com\/wp-content\/uploads\/2025\/07\/taupiniere_tumuli-1024x683.jpg\"><img loading=\"lazy\" decoding=\"async\" width=\"1024\" height=\"683\" src=\"https:\/\/detaupeur.com\/wp-content\/uploads\/2025\/07\/taupiniere_tumuli-1024x683.jpg\" alt=\"Taupini\u00e8re de taupe ou de rat taupier comment les reconnaitre ?\" class=\"wp-image-5815 size-full\" srcset=\"https:\/\/detaupeur.com\/wp-content\/uploads\/2025\/07\/taupiniere_tumuli-1024x683.jpg 1024w, https:\/\/detaupeur.com\/wp-content\/uploads\/2025\/07\/taupiniere_tumuli-300x200.jpg 300w, https:\/\/detaupeur.com\/wp-content\/uploads\/2025\/07\/taupiniere_tumuli-768x512.jpg 768w, https:\/\/detaupeur.com\/wp-content\/uploads\/2025\/07\/taupiniere_tumuli.jpg 1200w\" sizes=\"auto, (max-width: 1024px) 100vw, 1024px\" \/><\/a><\/figure><div class=\"wp-block-media-text__content\">\n<h2 class=\"wp-block-heading\">Taupini\u00e8re de taupe ou de rat taupier ?<\/h2>\n\n\n\n<p>Les taupini\u00e8res se ressemblant, le moyen le plus fiable pour diff\u00e9rencier l\u2019un de l\u2019autre est le type de d\u00e9g\u00e2ts occasionn\u00e9s : le rat taupier se nourrissant de racines, de nombreuses plantes meurent apr\u00e8s son passage, ce qui n\u2019est jamais le cas avec une taupe qui se nourrit exclusivement de vers de terre et larves. Vous trouverez ici d\u2019autres astuces afin de&nbsp;<a href=\"https:\/\/detaupeur.com\/la-taupe-tout-savoir\/comment-reconnaitre-une-taupiniere-de-rat-taupier\/\">diff\u00e9rencier la taupini\u00e8re de taupe de celle du rat taupier&nbsp;<\/a><br><br><\/p>\n<\/div><\/div>\n","protected":false},"excerpt":{"rendered":"<p>Quelle diff\u00e9rence entre une taupe et un rat taupier ? Si vous \u00eates en pr\u00e9sence d\u2019un animal, plusieurs signes ne trompent pas : seule la taupe a un poil ras ressemblant \u00e0 du velours, sa queue est courte, pas plus du quart de la longueur du corps et enfin son museau est long, fin et [&hellip;]<\/p>\n","protected":false},"author":1,"featured_media":0,"parent":0,"menu_order":0,"comment_status":"closed","ping_status":"closed","template":"modeles\/la_taupe.php","meta":{"_acf_changed":false,"footnotes":""},"class_list":["post-5795","page","type-page","status-publish","hentry"],"acf":[],"_links":{"self":[{"href":"https:\/\/detaupeur.com\/fr-be\/wp-json\/wp\/v2\/pages\/5795","targetHints":{"allow":["GET"]}}],"collection":[{"href":"https:\/\/detaupeur.com\/fr-be\/wp-json\/wp\/v2\/pages"}],"about":[{"href":"https:\/\/detaupeur.com\/fr-be\/wp-json\/wp\/v2\/types\/page"}],"author":[{"embeddable":true,"href":"https:\/\/detaupeur.com\/fr-be\/wp-json\/wp\/v2\/users\/1"}],"replies":[{"embeddable":true,"href":"https:\/\/detaupeur.com\/fr-be\/wp-json\/wp\/v2\/comments?post=5795"}],"version-history":[{"count":4,"href":"https:\/\/detaupeur.com\/fr-be\/wp-json\/wp\/v2\/pages\/5795\/revisions"}],"predecessor-version":[{"id":5823,"href":"https:\/\/detaupeur.com\/fr-be\/wp-json\/wp\/v2\/pages\/5795\/revisions\/5823"}],"wp:attachment":[{"href":"https:\/\/detaupeur.com\/fr-be\/wp-json\/wp\/v2\/media?parent=5795"}],"curies":[{"name":"wp","href":"https:\/\/api.w.org\/{rel}","templated":true}]}}