{"id":5791,"date":"2025-07-15T14:08:32","date_gmt":"2025-07-15T14:08:32","guid":{"rendered":"https:\/\/detaupeur.com\/?page_id=5791"},"modified":"2025-07-17T09:30:18","modified_gmt":"2025-07-17T09:30:18","slug":"que-contient-le-kit-campagnol-terrestre-rat-taupier","status":"publish","type":"page","link":"https:\/\/detaupeur.com\/fr-be\/le-rat-taupier-ou-campagnol-terrestre\/que-contient-le-kit-campagnol-terrestre-rat-taupier\/","title":{"rendered":"Que contient le Kit Campagnol Terrestre \/ Rat Taupier ?"},"content":{"rendered":"\n<div class=\"wp-block-columns are-vertically-aligned-center is-layout-flex wp-container-core-columns-is-layout-9d6595d7 wp-block-columns-is-layout-flex\">\n<div class=\"wp-block-column is-vertically-aligned-center is-layout-flow wp-block-column-is-layout-flow\" style=\"flex-basis:33.33%\"><div class=\"wp-block-image size-medium wp-image-4040\">\n<figure class=\"aligncenter size-full\"><img loading=\"lazy\" decoding=\"async\" width=\"720\" height=\"738\" src=\"https:\/\/detaupeur.com\/wp-content\/uploads\/2025\/07\/kit_rat_taupier_be_nl_gris.jpg\" alt=\"\" class=\"wp-image-5661\" srcset=\"https:\/\/detaupeur.com\/wp-content\/uploads\/2025\/07\/kit_rat_taupier_be_nl_gris.jpg 720w, https:\/\/detaupeur.com\/wp-content\/uploads\/2025\/07\/kit_rat_taupier_be_nl_gris-300x308.jpg 300w, https:\/\/detaupeur.com\/wp-content\/uploads\/2025\/07\/kit_rat_taupier_be_nl_gris-293x300.jpg 293w\" sizes=\"auto, (max-width: 720px) 100vw, 720px\" \/><\/figure>\n<\/div><\/div>\n\n\n\n<div class=\"wp-block-column is-vertically-aligned-center is-layout-flow wp-block-column-is-layout-flow\" style=\"flex-basis:66.66%\">\n<p>Le Kit Campagnol Terrestre \/ Rat Taupier de D\u00e9taupeur offre une solution d\u00e9finitive face aux ravages de ces nuisibles. Inclus dans ce kit, des rondelles de fixation de p\u00e9tard qui assurent un d\u00e9clenchement imm\u00e9diat apr\u00e8s le grignotage, neutralisant efficacement les rats taupiers. Prot\u00e9gez vos plantes des d\u00e9g\u00e2ts caus\u00e9s par ces rongeurs voraces et pr\u00e9servez la vitalit\u00e9 de votre jardin avec ce kit complet.<\/p>\n<\/div>\n<\/div>\n\n\n\n<div class=\"wp-block-columns are-vertically-aligned-center is-layout-flex wp-container-core-columns-is-layout-9d6595d7 wp-block-columns-is-layout-flex\">\n<div class=\"wp-block-column is-vertically-aligned-center is-layout-flow wp-block-column-is-layout-flow\" style=\"flex-basis:66.66%\">\n<h2 class=\"wp-block-heading\">Les avantages du kit<\/h2>\n\n\n\n<ul class=\"wp-block-list\">\n<li>Les rondelles de fixation de p\u00e9tard: neutralisent rapidement les rats taupiers.&nbsp;<\/li>\n\n\n\n<li>Efficacit\u00e9 prouv\u00e9e.<\/li>\n<\/ul>\n<\/div>\n\n\n\n<div class=\"wp-block-column is-vertically-aligned-center is-layout-flow wp-block-column-is-layout-flow\" style=\"flex-basis:33.33%\">\n<figure class=\"wp-block-image size-full\"><img loading=\"lazy\" decoding=\"async\" width=\"522\" height=\"522\" src=\"https:\/\/detaupeur.com\/wp-content\/uploads\/2025\/07\/photo_kit_campagnol.jpg\" alt=\"Rondelle de fixation du p\u00e9tard\" class=\"wp-image-5784\" srcset=\"https:\/\/detaupeur.com\/wp-content\/uploads\/2025\/07\/photo_kit_campagnol.jpg 522w, https:\/\/detaupeur.com\/wp-content\/uploads\/2025\/07\/photo_kit_campagnol-300x300.jpg 300w, https:\/\/detaupeur.com\/wp-content\/uploads\/2025\/07\/photo_kit_campagnol-150x150.jpg 150w, https:\/\/detaupeur.com\/wp-content\/uploads\/2025\/07\/photo_kit_campagnol-100x100.jpg 100w\" sizes=\"auto, (max-width: 522px) 100vw, 522px\" \/><\/figure>\n<\/div>\n<\/div>\n\n\n\n<h2 class=\"wp-block-heading\">Prix du kit<\/h2>\n\n\n\n<p>Les kits Campagnol Terrestre \/ Rat Taupier de D\u00e9taupeur vous offrent une protection compl\u00e8te \u00e0 un prix avantageux. Vous trouverez les kits entre 35.95\u20ac* \u00e0 37.95\u20ac* (*Prix de vente conseill\u00e9 au public, fourni \u00e0 titre purement indicatif) chez <a href=\"https:\/\/detaupeur.com\/fr-be\/nos-points-de-vente\/\">nos diff\u00e9rents revendeurs<\/a>. Prot\u00e9gez votre jardin sans sacrifier votre budget. D\u00e9couvrez la solution abordable pour \u00e9loigner ces nuisibles et pr\u00e9server la splendeur de votre espace ext\u00e9rieur.<\/p>\n","protected":false},"excerpt":{"rendered":"<p>Le Kit Campagnol Terrestre \/ Rat Taupier de D\u00e9taupeur offre une solution d\u00e9finitive face aux ravages de ces nuisibles. Inclus dans ce kit, des rondelles de fixation de p\u00e9tard qui assurent un d\u00e9clenchement imm\u00e9diat apr\u00e8s le grignotage, neutralisant efficacement les rats taupiers. Prot\u00e9gez vos plantes des d\u00e9g\u00e2ts caus\u00e9s par ces rongeurs voraces et pr\u00e9servez la [&hellip;]<\/p>\n","protected":false},"author":1,"featured_media":5664,"parent":5795,"menu_order":0,"comment_status":"closed","ping_status":"closed","template":"","meta":{"_acf_changed":false,"footnotes":""},"class_list":["post-5791","page","type-page","status-publish","has-post-thumbnail","hentry"],"acf":[],"_links":{"self":[{"href":"https:\/\/detaupeur.com\/fr-be\/wp-json\/wp\/v2\/pages\/5791","targetHints":{"allow":["GET"]}}],"collection":[{"href":"https:\/\/detaupeur.com\/fr-be\/wp-json\/wp\/v2\/pages"}],"about":[{"href":"https:\/\/detaupeur.com\/fr-be\/wp-json\/wp\/v2\/types\/page"}],"author":[{"embeddable":true,"href":"https:\/\/detaupeur.com\/fr-be\/wp-json\/wp\/v2\/users\/1"}],"replies":[{"embeddable":true,"href":"https:\/\/detaupeur.com\/fr-be\/wp-json\/wp\/v2\/comments?post=5791"}],"version-history":[{"count":2,"href":"https:\/\/detaupeur.com\/fr-be\/wp-json\/wp\/v2\/pages\/5791\/revisions"}],"predecessor-version":[{"id":5852,"href":"https:\/\/detaupeur.com\/fr-be\/wp-json\/wp\/v2\/pages\/5791\/revisions\/5852"}],"up":[{"embeddable":true,"href":"https:\/\/detaupeur.com\/fr-be\/wp-json\/wp\/v2\/pages\/5795"}],"wp:featuredmedia":[{"embeddable":true,"href":"https:\/\/detaupeur.com\/fr-be\/wp-json\/wp\/v2\/media\/5664"}],"wp:attachment":[{"href":"https:\/\/detaupeur.com\/fr-be\/wp-json\/wp\/v2\/media?parent=5791"}],"curies":[{"name":"wp","href":"https:\/\/api.w.org\/{rel}","templated":true}]}}