{"id":5201,"date":"2025-02-06T14:04:46","date_gmt":"2025-02-06T14:04:46","guid":{"rendered":"https:\/\/detaupeur.com\/?page_id=5201"},"modified":"2025-07-15T13:40:49","modified_gmt":"2025-07-15T13:40:49","slug":"comprendre-le-mode-de-vie-des-taupes-pour-mieux-les-pieger-et-identifier-leurs-signes-de-presence","status":"publish","type":"page","link":"https:\/\/detaupeur.com\/fr-be\/la-taupe-tout-savoir\/comprendre-le-mode-de-vie-des-taupes-pour-mieux-les-pieger-et-identifier-leurs-signes-de-presence\/","title":{"rendered":"Quand et \u00e0 quelle heure sortent les taupes ?"},"content":{"rendered":"<div class=\"wp-block-image\">\n<figure class=\"aligncenter\"><img loading=\"lazy\" decoding=\"async\" width=\"640\" height=\"480\" src=\"https:\/\/detaupeur.com\/wp-content\/uploads\/2023\/07\/a-quelle-heure-sortent-les-taupes.jpg\" alt=\"A quelle heure sortent les taupes ?\" class=\"wp-image-3857\" srcset=\"https:\/\/detaupeur.com\/wp-content\/uploads\/2023\/07\/a-quelle-heure-sortent-les-taupes.jpg 640w, https:\/\/detaupeur.com\/wp-content\/uploads\/2023\/07\/a-quelle-heure-sortent-les-taupes-300x225.jpg 300w\" sizes=\"auto, (max-width: 640px) 100vw, 640px\" \/><\/figure>\n<\/div>\n\n\n<p>La pr\u00e9sence de taupes peut entra\u00eener des d\u00e9sagr\u00e9ments et des dommages consid\u00e9rables dans votre jardin. Ces perturbations quotidiennes sont li\u00e9es au fait que ces petits animaux cr\u00e9ent des galeries en remuant la terre, ce qui est inesth\u00e9tique et peut endommager les cultures. Il est donc compr\u00e9hensible que vous souhaitiez vous en d\u00e9barrasser d\u00e9finitivement.<\/p>\n\n\n\n<p>Pour rem\u00e9dier \u00e0 cette situation, de nombreux jardiniers optent pour l\u2019utilisation de pi\u00e8ges \u00e0 taupes ou de produits r\u00e9pulsifs, mais l\u2019utilisation de ces m\u00e9thodes s\u2019av\u00e8re souvent co\u00fbteuse et inefficace. D\u2019autres m\u00e9thodes plus naturelles consistent \u00e0 utiliser des plantes telles que le sureau, la lavande ou l\u2019origan, connues pour repousser les taupes gr\u00e2ce \u00e0 leur odeur forte.<\/p>\n\n\n\n<p>Cependant, il existe une seule solution v\u00e9ritablement efficace et p\u00e9renne&nbsp;: les \u00e9radiquer compl\u00e8tement.<\/p>\n\n\n\n<p>Si vous cherchez \u00e0 vous d\u00e9barrasser des taupes de votre jardin, la premi\u00e8re \u00e9tape est de vous renseigner sur leur mode de vie et leurs habitudes quotidiennes. Petit animal tunnelier, les taupes ne sortent g\u00e9n\u00e9ralement pas \u00e0 la vue de tous, mais ont des horaires fixes. Voici quelques astuces pour mieux conna\u00eetre le mode de vie de ces ennemis du potager.<\/p>\n\n\n\n<h2 class=\"wp-block-heading\">Comprendre le mode de vie de la taupe<\/h2>\n\n\n\n<p>Les taupes sont des animaux solitaires qui passent la plupart de leur temps sous terre. Elles creusent des tunnels complexes et organis\u00e9s pour se d\u00e9placer et trouver leur nourriture principale, les vers de terre. En effet, ces petits mammif\u00e8res ont des besoins alimentaires tr\u00e8s importants. Ils ne quittent leurs galeries souterraines que tr\u00e8s occasionnellement, en cas de danger imminent par exemple. Il n\u2019est donc pas facile de pr\u00e9voir leur emploi du temps. Cependant, il semble que certaines circonstances soient plus favorables que d\u2019autres \u00e0 leurs sorties.<\/p>\n\n\n\n<h3 class=\"wp-block-heading\"><strong>\u00c0 quelle heure sortent les taupes ?<\/strong><\/h3>\n\n\n\n<p><a href=\"https:\/\/detaupeur.com\/fr-be\/la-taupe-tout-savoir\/\">La taupe<\/a>\u00a0est un animal qui est souvent associ\u00e9 aux activit\u00e9s nocturnes. Cependant, il est important de savoir que les taupes sont en r\u00e9alit\u00e9 actives pendant la journ\u00e9e, bien qu\u2019elles soient \u00e9galement capables de creuser durant la nuit. En effet, leur activit\u00e9 est plus importante le matin et le soir, elles creusent donc g\u00e9n\u00e9ralement du cr\u00e9puscule jusqu\u2019\u00e0 l\u2019aube. Pendant ces p\u00e9riodes, elles sont plus actives et creusent davantage pour se nourrir et se d\u00e9placer dans leur environnement. On estime qu\u2019elles ont trois phases d\u2019\u00e9veil par jour d\u2019environ 4 \u00e0 5h et dorment le reste du temps. C\u2019est \u00e0 ce moment-l\u00e0 qu\u2019on peut esp\u00e9rer les apercevoir.<\/p>\n\n\n\n<h3 class=\"wp-block-heading\"><strong>\u00c0 quelle p\u00e9riode de l\u2019ann\u00e9e sortent les taupes&nbsp;?<\/strong><\/h3>\n\n\n\n<p>Les taupes sont des animaux actifs tout au long de l\u2019ann\u00e9e, m\u00eame si on les voit rarement en dehors de leurs galeries. Contrairement \u00e0 d\u2019autres esp\u00e8ces, elles n\u2019hibernent pas. Cependant, leur activit\u00e9 peut varier en fonction du cycle des saisons et elles peuvent \u00eatre amen\u00e9es \u00e0 sortir de la taupini\u00e8re dans certaines conditions. En hiver, lorsque la nourriture se fait plus rare, les taupes intensifient leur activit\u00e9 pour trouver des sources de nourriture et peuvent ainsi se retrouver \u00e0 l\u2019ext\u00e9rieur. En mars-avril, p\u00e9riode de reproduction, les m\u00e2les creusent davantage de galeries pour rencontrer des femelles avec lesquelles s\u2019accoupler. Les taupes femelles, quant \u00e0 elles, remontent plus souvent \u00e0 la surface pour chercher des mat\u00e9riaux dans le but de construire leur nid.<\/p>\n\n\n\n<h2 class=\"wp-block-heading\">Identifier les signes de la pr\u00e9sence de taupes<\/h2>\n\n\n\n<p>Avant de pi\u00e9ger les taupes, il convient de bien identifier les signes de leur pr\u00e9sence. Les taupes laissent de petites mottes de terre sur la surface, qui sont souvent des signes \u00e9vidents de leur activit\u00e9. Les tunnels souterrains sont plus difficiles \u00e0 rep\u00e9rer, mais si vous remarquez des ondulations sur la surface du sol, cela peut \u00e9galement indiquer la pr\u00e9sence de taupes. Il s\u2019agit enfin de bien les diff\u00e9rencier du rat taupier, qui se nourrit de plantes et dont l\u2019apparence se rapproche plus de celle d\u2019un campagnol.<\/p>\n\n\n\n<p>Conna\u00eetre les habitudes des taupes vous permettra sans doute de mieux lutter contre elles, notamment en cas d\u2019infestation dans votre jardin. Aussi, il est difficile de d\u00e9finir pr\u00e9cis\u00e9ment quand et \u00e0 quelle heure les taupes remontent \u00e0 la surface et il convient de rester vigilant durant les p\u00e9riodes d\u2019\u00e9veil pour ne pas les manquer.<\/p>\n\n\n\n<p>Pi\u00e9ger les taupes peut sembler \u00eatre une t\u00e2che ardue, mais en comprenant leur mode de vie et leurs habitudes quotidiennes, vous augmentez d\u00e9j\u00e0 vos chances de r\u00e9ussite.<\/p>\n","protected":false},"excerpt":{"rendered":"<p>La pr\u00e9sence de taupes peut entra\u00eener des d\u00e9sagr\u00e9ments et des dommages consid\u00e9rables dans votre jardin. Ces perturbations quotidiennes sont li\u00e9es au fait que ces petits animaux cr\u00e9ent des galeries en remuant la terre, ce qui est inesth\u00e9tique et peut endommager les cultures. Il est donc compr\u00e9hensible que vous souhaitiez vous en d\u00e9barrasser d\u00e9finitivement. Pour rem\u00e9dier [&hellip;]<\/p>\n","protected":false},"author":5,"featured_media":3859,"parent":1244,"menu_order":0,"comment_status":"closed","ping_status":"closed","template":"","meta":{"_acf_changed":false,"footnotes":""},"class_list":["post-5201","page","type-page","status-publish","has-post-thumbnail","hentry"],"acf":[],"_links":{"self":[{"href":"https:\/\/detaupeur.com\/fr-be\/wp-json\/wp\/v2\/pages\/5201","targetHints":{"allow":["GET"]}}],"collection":[{"href":"https:\/\/detaupeur.com\/fr-be\/wp-json\/wp\/v2\/pages"}],"about":[{"href":"https:\/\/detaupeur.com\/fr-be\/wp-json\/wp\/v2\/types\/page"}],"author":[{"embeddable":true,"href":"https:\/\/detaupeur.com\/fr-be\/wp-json\/wp\/v2\/users\/5"}],"replies":[{"embeddable":true,"href":"https:\/\/detaupeur.com\/fr-be\/wp-json\/wp\/v2\/comments?post=5201"}],"version-history":[{"count":2,"href":"https:\/\/detaupeur.com\/fr-be\/wp-json\/wp\/v2\/pages\/5201\/revisions"}],"predecessor-version":[{"id":5203,"href":"https:\/\/detaupeur.com\/fr-be\/wp-json\/wp\/v2\/pages\/5201\/revisions\/5203"}],"up":[{"embeddable":true,"href":"https:\/\/detaupeur.com\/fr-be\/wp-json\/wp\/v2\/pages\/1244"}],"wp:featuredmedia":[{"embeddable":true,"href":"https:\/\/detaupeur.com\/fr-be\/wp-json\/wp\/v2\/media\/3859"}],"wp:attachment":[{"href":"https:\/\/detaupeur.com\/fr-be\/wp-json\/wp\/v2\/media?parent=5201"}],"curies":[{"name":"wp","href":"https:\/\/api.w.org\/{rel}","templated":true}]}}