{"id":4676,"date":"2024-07-18T08:52:39","date_gmt":"2024-07-18T08:52:39","guid":{"rendered":"https:\/\/detaupeur.com\/?page_id=4676"},"modified":"2025-07-21T08:15:58","modified_gmt":"2025-07-21T08:15:58","slug":"contenu-de-la-valisette-detaupeur","status":"publish","type":"page","link":"https:\/\/detaupeur.com\/fr-be\/contenu-de-la-valisette-detaupeur\/","title":{"rendered":"Contenu de la valisette D\u00e9taupeur :"},"content":{"rendered":"<div class=\"wp-block-image\">\n<figure class=\"aligncenter size-full is-resized\" id=\"attachment_2017\"><img loading=\"lazy\" decoding=\"async\" width=\"736\" height=\"736\" src=\"https:\/\/detaupeur.com\/wp-content\/uploads\/2018\/09\/valise_deontmoller.jpg\" alt=\"\" class=\"wp-image-5596\" style=\"width:600px\" srcset=\"https:\/\/detaupeur.com\/wp-content\/uploads\/2018\/09\/valise_deontmoller.jpg 736w, https:\/\/detaupeur.com\/wp-content\/uploads\/2018\/09\/valise_deontmoller-300x300.jpg 300w, https:\/\/detaupeur.com\/wp-content\/uploads\/2018\/09\/valise_deontmoller-100x100.jpg 100w, https:\/\/detaupeur.com\/wp-content\/uploads\/2018\/09\/valise_deontmoller-150x150.jpg 150w\" sizes=\"auto, (max-width: 736px) 100vw, 736px\" \/><figcaption class=\"wp-element-caption\">valise compl\u00e8te du kit anti-taupe : Le D\u00e9taupeur<\/figcaption><\/figure>\n<\/div>\n\n\n<ul class=\"wp-block-list\">\n<li>1 D\u00e9taupeur<\/li>\n\n\n\n<li>4 P\u00e9tards<\/li>\n\n\n\n<li>1 Palpeur<\/li>\n\n\n\n<li>1 Testeur de piles<\/li>\n\n\n\n<li>1 Levier suppl\u00e9mentaire<\/li>\n\n\n\n<li>1 Manuel utilisateur<\/li>\n<\/ul>\n\n\n\n<p>de 71.90\u20ac* \u00e0 74.90\u20ac*<\/p>\n\n\n\n<p>*Prix de vente conseill\u00e9 au public, fourni \u00e0 titre purement indicatif.<\/p>\n\n\n\n<h2 class=\"wp-block-heading\">VALISETTE DE TRANSPORT \u00c9CO-RESPONSABLE&nbsp;<\/h2>\n\n\n\n<p>Le D\u00e9taupeur\u00ae est emball\u00e9 dans une valisette en plastique recycl\u00e9 ( &gt;85% de plastique recycl\u00e9 ) et recyclable con\u00e7ue pour pouvoir stocker le produit tout au long de l\u2019ann\u00e9e.<\/p>\n\n\n\n<h2 class=\"wp-block-heading\">STOCKAGE EN TOUTE S\u00c9CURIT\u00c9 DE VOTRE PI\u00c8GE ANTI-TAUPES<\/h2>\n\n\n\n<p>Dans un souci de s\u00e9curit\u00e9, la valisette D\u00e9taupeur est s\u00e9curis\u00e9e gr\u00e2ce \u00e0 un anneau dans la poign\u00e9e qui peut \u00eatre verrouill\u00e9 avec un cadenas, ce qui qui s\u00e9curise son stockage.<br>Ainsi les enfants ou toutes personnes ne maitrisant pas le mat\u00e9riel, ne pourront pas y acc\u00e9der et risquer un accident.<\/p>\n\n\n\n<h2 class=\"wp-block-heading\">COMMENT INSTALLER LE D\u00c9TAUPEUR ?<\/h2>\n\n\n\n<p>Une fois l\u2019acquisition de votre valisette, vous vous demandez surement comment installer&nbsp; le pi\u00e8ge pyrotechnique anti-taupes ? N\u2019h\u00e9sitez pas \u00e0 consulter notre vid\u00e9o sur&nbsp;<a href=\"https:\/\/detaupeur.com\/fr-be\/le-fonctionnement\/\">le fonctionnement de notre pi\u00e8ge anti-taupes<\/a>&nbsp;et si jamais vous avez des questions, nous vous invitons \u00e0 vous rendre sur notre page FAQ (&nbsp;<a href=\"https:\/\/detaupeur.com\/fr-be\/la-faq\/\">Foire aux questions sur le D\u00e9taupeur<\/a>&nbsp;)<\/p>\n","protected":false},"excerpt":{"rendered":"<p>de 71.90\u20ac* \u00e0 74.90\u20ac* *Prix de vente conseill\u00e9 au public, fourni \u00e0 titre purement indicatif. VALISETTE DE TRANSPORT \u00c9CO-RESPONSABLE&nbsp; Le D\u00e9taupeur\u00ae est emball\u00e9 dans une valisette en plastique recycl\u00e9 ( &gt;85% de plastique recycl\u00e9 ) et recyclable con\u00e7ue pour pouvoir stocker le produit tout au long de l\u2019ann\u00e9e. STOCKAGE EN TOUTE S\u00c9CURIT\u00c9 DE VOTRE PI\u00c8GE [&hellip;]<\/p>\n","protected":false},"author":5,"featured_media":0,"parent":0,"menu_order":0,"comment_status":"closed","ping_status":"closed","template":"","meta":{"_acf_changed":false,"footnotes":""},"class_list":["post-4676","page","type-page","status-publish","hentry"],"acf":[],"_links":{"self":[{"href":"https:\/\/detaupeur.com\/fr-be\/wp-json\/wp\/v2\/pages\/4676","targetHints":{"allow":["GET"]}}],"collection":[{"href":"https:\/\/detaupeur.com\/fr-be\/wp-json\/wp\/v2\/pages"}],"about":[{"href":"https:\/\/detaupeur.com\/fr-be\/wp-json\/wp\/v2\/types\/page"}],"author":[{"embeddable":true,"href":"https:\/\/detaupeur.com\/fr-be\/wp-json\/wp\/v2\/users\/5"}],"replies":[{"embeddable":true,"href":"https:\/\/detaupeur.com\/fr-be\/wp-json\/wp\/v2\/comments?post=4676"}],"version-history":[{"count":4,"href":"https:\/\/detaupeur.com\/fr-be\/wp-json\/wp\/v2\/pages\/4676\/revisions"}],"predecessor-version":[{"id":5868,"href":"https:\/\/detaupeur.com\/fr-be\/wp-json\/wp\/v2\/pages\/4676\/revisions\/5868"}],"wp:attachment":[{"href":"https:\/\/detaupeur.com\/fr-be\/wp-json\/wp\/v2\/media?parent=4676"}],"curies":[{"name":"wp","href":"https:\/\/api.w.org\/{rel}","templated":true}]}}