{"id":1344,"date":"2018-09-06T09:56:51","date_gmt":"2018-09-06T09:56:51","guid":{"rendered":"http:\/\/detaupeur.com\/nos-points-de-vente\/"},"modified":"2025-07-15T12:54:32","modified_gmt":"2025-07-15T12:54:32","slug":"nos-points-de-vente","status":"publish","type":"page","link":"https:\/\/detaupeur.com\/fr-be\/nos-points-de-vente\/","title":{"rendered":"Nos points de vente"},"content":{"rendered":"\n<h2 class=\"wp-block-heading\">Vous voulez vous procurer un D\u00e9taupeur ?&nbsp;<\/h2>\n\n\n\n<p>Retrouvez via la carte ci-dessous tous les points de vente qui proposent notre pi\u00e8ge anti taupe. Ce produit est 100% satisfait ou rembours\u00e9, alors n\u2019h\u00e9sitez pas&nbsp;! Il est disponible toute l\u2019ann\u00e9e, afin de lutter contre les taupes pr\u00e9sentes dans votre jardin, et avoir une belle pelouse&nbsp;!<\/p>\n","protected":false},"excerpt":{"rendered":"<p>Vous voulez vous procurer un D\u00e9taupeur ?&nbsp; Retrouvez via la carte ci-dessous tous les points de vente qui proposent notre pi\u00e8ge anti taupe. Ce produit est 100% satisfait ou rembours\u00e9, alors n\u2019h\u00e9sitez pas&nbsp;! Il est disponible toute l\u2019ann\u00e9e, afin de lutter contre les taupes pr\u00e9sentes dans votre jardin, et avoir une belle pelouse&nbsp;!<\/p>\n","protected":false},"author":1,"featured_media":0,"parent":0,"menu_order":0,"comment_status":"closed","ping_status":"closed","template":"modeles\/nos_magasins.php","meta":{"_acf_changed":false,"footnotes":""},"class_list":["post-1344","page","type-page","status-publish","hentry"],"acf":[],"_links":{"self":[{"href":"https:\/\/detaupeur.com\/fr-be\/wp-json\/wp\/v2\/pages\/1344","targetHints":{"allow":["GET"]}}],"collection":[{"href":"https:\/\/detaupeur.com\/fr-be\/wp-json\/wp\/v2\/pages"}],"about":[{"href":"https:\/\/detaupeur.com\/fr-be\/wp-json\/wp\/v2\/types\/page"}],"author":[{"embeddable":true,"href":"https:\/\/detaupeur.com\/fr-be\/wp-json\/wp\/v2\/users\/1"}],"replies":[{"embeddable":true,"href":"https:\/\/detaupeur.com\/fr-be\/wp-json\/wp\/v2\/comments?post=1344"}],"version-history":[{"count":4,"href":"https:\/\/detaupeur.com\/fr-be\/wp-json\/wp\/v2\/pages\/1344\/revisions"}],"predecessor-version":[{"id":5728,"href":"https:\/\/detaupeur.com\/fr-be\/wp-json\/wp\/v2\/pages\/1344\/revisions\/5728"}],"wp:attachment":[{"href":"https:\/\/detaupeur.com\/fr-be\/wp-json\/wp\/v2\/media?parent=1344"}],"curies":[{"name":"wp","href":"https:\/\/api.w.org\/{rel}","templated":true}]}}